{"id":361,"date":"2012-02-06T00:33:34","date_gmt":"2012-02-06T00:33:34","guid":{"rendered":"http:\/\/inregnummarianum.d250.hu\/inregnummarianum\/?page_id=361"},"modified":"2012-02-17T21:34:32","modified_gmt":"2012-02-17T21:34:32","slug":"anet-v-alte-br%c3%bccke","status":"publish","type":"page","link":"https:\/\/inregnummarianum.d250.hu\/inregnummarianum\/archive\/szukak\/anet-v-alte-br%c3%bccke\/","title":{"rendered":"Anet v. Alte Br\u00fccke"},"content":{"rendered":"<h2 style=\"text-align: center;\"><strong><br \/>\n<\/strong><\/h2>\n<div>\n<p><img loading=\"lazy\" class=\"alignleft size-medium wp-image-491\" title=\"Anet v. Alte Br\u00fccke\" src=\"http:\/\/inregnummarianum.d250.hu\/wp-content\/uploads\/2012\/02\/Anet-v.-Alte-Br\u00fccke-300x225.jpg\" alt=\"\" width=\"300\" height=\"225\" srcset=\"https:\/\/inregnummarianum.d250.hu\/inregnummarianum\/wp-content\/uploads\/2012\/02\/Anet-v.-Alte-Br\u00fccke-300x225.jpg 300w, https:\/\/inregnummarianum.d250.hu\/inregnummarianum\/wp-content\/uploads\/2012\/02\/Anet-v.-Alte-Br\u00fccke.jpg 610w\" sizes=\"(max-width: 300px) 100vw, 300px\" \/><\/p>\n<p>&nbsp;<\/p>\n<p>&nbsp;<\/p>\n<p>&nbsp;<\/p>\n<p>&nbsp;<\/p>\n<p>&nbsp;<\/p>\n<p>&nbsp;<\/p>\n<p>&nbsp;<\/p>\n<p>&nbsp;<\/p>\n<p>&nbsp;<\/p>\n<p><span style=\"font-size: large;\">TK-sz\u00e1m: 720786<\/span><br \/>\n<span style=\"font-size: large;\">Tetov\u00e1l\u00e1si sz\u00e1m:<\/span><br \/>\n<span style=\"font-size: large;\">Sz\u00fclet\u00e9si d\u00e1tum: 2002.10.10.<\/span><br \/>\n<span style=\"font-size: large;\">HD: Normal<\/span><br \/>\n<span style=\"font-size: large;\">ED:<\/span><br \/>\n<span style=\"font-size: large;\">DNA:\u00a0Gepr\u00fcft<\/span><br \/>\n<span style=\"font-size: large;\">K\u00e9pzetts\u00e9g.:\u00a0VK1<\/span><br \/>\n<span style=\"font-size: large;\">Teny\u00e9sszemle:\u00a0K\u00f6rkl.1<\/span><br \/>\n<span style=\"font-size: large;\">Min\u0151s\u00edt\u00e9s: V1,CAC<\/span><\/p>\n<p>&nbsp;<\/p>\n<p><span style=\"font-size: large;\"><a href=\"http:\/\/inregnummarianum.d250.hu\/wp-content\/uploads\/2012\/02\/Anet-von-Alte-Brucke.jpg\" target=\"_blank\"><img loading=\"lazy\" class=\"aligncenter size-full wp-image-1490\" title=\"Anet von Alte Brucke\" src=\"http:\/\/inregnummarianum.d250.hu\/wp-content\/uploads\/2012\/02\/Anet-von-Alte-Brucke.jpg\" alt=\"\" width=\"1016\" height=\"1204\" srcset=\"https:\/\/inregnummarianum.d250.hu\/inregnummarianum\/wp-content\/uploads\/2012\/02\/Anet-von-Alte-Brucke.jpg 1016w, https:\/\/inregnummarianum.d250.hu\/inregnummarianum\/wp-content\/uploads\/2012\/02\/Anet-von-Alte-Brucke-253x300.jpg 253w, https:\/\/inregnummarianum.d250.hu\/inregnummarianum\/wp-content\/uploads\/2012\/02\/Anet-von-Alte-Brucke-864x1024.jpg 864w\" sizes=\"(max-width: 1016px) 100vw, 1016px\" \/><\/a><br \/>\n<\/span><\/p>\n<p style=\"text-align: left;\">&nbsp;<\/p>\n<p style=\"text-align: left;\">&nbsp;<\/p>\n<p style=\"text-align: center;\">&nbsp;<\/p>\n<p style=\"text-align: center;\">&nbsp;<\/p>\n<p>&nbsp;<\/p>\n<p>&nbsp;<\/p>\n<p>&nbsp;<\/p>\n<\/div>\n","protected":false},"excerpt":{"rendered":"<p>&nbsp; &nbsp; &nbsp; &nbsp; &nbsp; &nbsp; &nbsp; &nbsp; &nbsp; TK-sz\u00e1m: 720786 Tetov\u00e1l\u00e1si sz\u00e1m: Sz\u00fclet\u00e9si d\u00e1tum: 2002.10.10. HD: Normal ED: DNA:\u00a0Gepr\u00fcft K\u00e9pzetts\u00e9g.:\u00a0VK1 Teny\u00e9sszemle:\u00a0K\u00f6rkl.1 Min\u0151s\u00edt\u00e9s: V1,CAC &nbsp; &nbsp; &nbsp; &nbsp; &nbsp; &nbsp; &nbsp; &nbsp;<\/p>\n","protected":false},"author":1,"featured_media":1060,"parent":23,"menu_order":0,"comment_status":"closed","ping_status":"closed","template":"","meta":[],"_links":{"self":[{"href":"https:\/\/inregnummarianum.d250.hu\/inregnummarianum\/wp-json\/wp\/v2\/pages\/361"}],"collection":[{"href":"https:\/\/inregnummarianum.d250.hu\/inregnummarianum\/wp-json\/wp\/v2\/pages"}],"about":[{"href":"https:\/\/inregnummarianum.d250.hu\/inregnummarianum\/wp-json\/wp\/v2\/types\/page"}],"author":[{"embeddable":true,"href":"https:\/\/inregnummarianum.d250.hu\/inregnummarianum\/wp-json\/wp\/v2\/users\/1"}],"replies":[{"embeddable":true,"href":"https:\/\/inregnummarianum.d250.hu\/inregnummarianum\/wp-json\/wp\/v2\/comments?post=361"}],"version-history":[{"count":11,"href":"https:\/\/inregnummarianum.d250.hu\/inregnummarianum\/wp-json\/wp\/v2\/pages\/361\/revisions"}],"predecessor-version":[{"id":465,"href":"https:\/\/inregnummarianum.d250.hu\/inregnummarianum\/wp-json\/wp\/v2\/pages\/361\/revisions\/465"}],"up":[{"embeddable":true,"href":"https:\/\/inregnummarianum.d250.hu\/inregnummarianum\/wp-json\/wp\/v2\/pages\/23"}],"wp:featuredmedia":[{"embeddable":true,"href":"https:\/\/inregnummarianum.d250.hu\/inregnummarianum\/wp-json\/wp\/v2\/media\/1060"}],"wp:attachment":[{"href":"https:\/\/inregnummarianum.d250.hu\/inregnummarianum\/wp-json\/wp\/v2\/media?parent=361"}],"curies":[{"name":"wp","href":"https:\/\/api.w.org\/{rel}","templated":true}]}}