{"id":354,"date":"2012-02-06T00:32:00","date_gmt":"2012-02-06T00:32:00","guid":{"rendered":"http:\/\/inregnummarianum.d250.hu\/inregnummarianum\/?page_id=354"},"modified":"2012-02-17T21:04:46","modified_gmt":"2012-02-17T21:04:46","slug":"yose-vom-haus-zieglmayer","status":"publish","type":"page","link":"https:\/\/inregnummarianum.d250.hu\/inregnummarianum\/archive\/szukak\/yose-vom-haus-zieglmayer\/","title":{"rendered":"Yose vom Haus Zieglmayer"},"content":{"rendered":"<h2 style=\"text-align: center;\"><strong><br \/>\n<\/strong><\/h2>\n<div>\n<p><img loading=\"lazy\" class=\"alignleft size-full wp-image-1457\" title=\"Yose vom Haus Zieglmayer2\" src=\"http:\/\/inregnummarianum.d250.hu\/wp-content\/uploads\/2012\/02\/Yose-vom-Haus-Zieglmayer2.jpg\" alt=\"\" width=\"240\" height=\"160\" \/><\/p>\n<p>&nbsp;<\/p>\n<p>&nbsp;<\/p>\n<p>&nbsp;<\/p>\n<p>&nbsp;<\/p>\n<p>&nbsp;<\/p>\n<p>&nbsp;<\/p>\n<p>&nbsp;<\/p>\n<p><span style=\"font-size: large;\">TK-sz\u00e1m: 2056525<\/span><br \/>\n<span style=\"font-size: large;\">Tetov\u00e1l\u00e1si sz\u00e1m:\u00a0R-C 9352<\/span><br \/>\n<span style=\"font-size: large;\">Sz\u00fclet\u00e9si d\u00e1tum:\u00a01999.11.24.<\/span><br \/>\n<span style=\"font-size: large;\">HD: Normal<\/span><br \/>\n<span style=\"font-size: large;\">ED:<\/span><br \/>\n<span style=\"font-size: large;\">DNA:\u00a0Gepr\u00fcft<\/span><br \/>\n<span style=\"font-size: large;\">K\u00e9pzetts\u00e9g.: VK1<\/span><br \/>\n<span style=\"font-size: large;\">Teny\u00e9sszemle:\u00a0K\u00f6rkl.1<\/span><br \/>\n<span style=\"font-size: large;\">Min\u0151s\u00edt\u00e9s: V1 (H. K\u00f6nig)<\/span><\/p>\n<p style=\"text-align: center;\"><span style=\"font-size: large;\"><a href=\"http:\/\/inregnummarianum.d250.hu\/wp-content\/uploads\/2012\/02\/Yose-vom-Haus-Zieglmayer3.jpg\" target=\"_blank\"><img loading=\"lazy\" class=\"aligncenter size-full wp-image-1458\" title=\"Yose vom Haus Zieglmayer\" src=\"http:\/\/inregnummarianum.d250.hu\/wp-content\/uploads\/2012\/02\/Yose-vom-Haus-Zieglmayer3.jpg\" alt=\"\" width=\"1016\" height=\"1204\" srcset=\"https:\/\/inregnummarianum.d250.hu\/inregnummarianum\/wp-content\/uploads\/2012\/02\/Yose-vom-Haus-Zieglmayer3.jpg 1016w, https:\/\/inregnummarianum.d250.hu\/inregnummarianum\/wp-content\/uploads\/2012\/02\/Yose-vom-Haus-Zieglmayer3-253x300.jpg 253w, https:\/\/inregnummarianum.d250.hu\/inregnummarianum\/wp-content\/uploads\/2012\/02\/Yose-vom-Haus-Zieglmayer3-864x1024.jpg 864w\" sizes=\"(max-width: 1016px) 100vw, 1016px\" \/><\/a><br \/>\n<\/span><\/p>\n<p style=\"text-align: left;\">&nbsp;<\/p>\n<p style=\"text-align: left;\">&nbsp;<\/p>\n<p style=\"text-align: center;\">&nbsp;<\/p>\n<p style=\"text-align: center;\">&nbsp;<\/p>\n<p>&nbsp;<\/p>\n<p>&nbsp;<\/p>\n<p>&nbsp;<\/p>\n<\/div>\n","protected":false},"excerpt":{"rendered":"<p>&nbsp; &nbsp; &nbsp; &nbsp; &nbsp; &nbsp; &nbsp; TK-sz\u00e1m: 2056525 Tetov\u00e1l\u00e1si sz\u00e1m:\u00a0R-C 9352 Sz\u00fclet\u00e9si d\u00e1tum:\u00a01999.11.24. HD: Normal ED: DNA:\u00a0Gepr\u00fcft K\u00e9pzetts\u00e9g.: VK1 Teny\u00e9sszemle:\u00a0K\u00f6rkl.1 Min\u0151s\u00edt\u00e9s: V1 (H. K\u00f6nig) &nbsp; &nbsp; &nbsp; &nbsp; &nbsp; &nbsp; &nbsp;<\/p>\n","protected":false},"author":1,"featured_media":1082,"parent":23,"menu_order":0,"comment_status":"closed","ping_status":"closed","template":"","meta":[],"_links":{"self":[{"href":"https:\/\/inregnummarianum.d250.hu\/inregnummarianum\/wp-json\/wp\/v2\/pages\/354"}],"collection":[{"href":"https:\/\/inregnummarianum.d250.hu\/inregnummarianum\/wp-json\/wp\/v2\/pages"}],"about":[{"href":"https:\/\/inregnummarianum.d250.hu\/inregnummarianum\/wp-json\/wp\/v2\/types\/page"}],"author":[{"embeddable":true,"href":"https:\/\/inregnummarianum.d250.hu\/inregnummarianum\/wp-json\/wp\/v2\/users\/1"}],"replies":[{"embeddable":true,"href":"https:\/\/inregnummarianum.d250.hu\/inregnummarianum\/wp-json\/wp\/v2\/comments?post=354"}],"version-history":[{"count":11,"href":"https:\/\/inregnummarianum.d250.hu\/inregnummarianum\/wp-json\/wp\/v2\/pages\/354\/revisions"}],"predecessor-version":[{"id":474,"href":"https:\/\/inregnummarianum.d250.hu\/inregnummarianum\/wp-json\/wp\/v2\/pages\/354\/revisions\/474"}],"up":[{"embeddable":true,"href":"https:\/\/inregnummarianum.d250.hu\/inregnummarianum\/wp-json\/wp\/v2\/pages\/23"}],"wp:featuredmedia":[{"embeddable":true,"href":"https:\/\/inregnummarianum.d250.hu\/inregnummarianum\/wp-json\/wp\/v2\/media\/1082"}],"wp:attachment":[{"href":"https:\/\/inregnummarianum.d250.hu\/inregnummarianum\/wp-json\/wp\/v2\/media?parent=354"}],"curies":[{"name":"wp","href":"https:\/\/api.w.org\/{rel}","templated":true}]}}