{"id":336,"date":"2012-02-06T00:26:06","date_gmt":"2012-02-06T00:26:06","guid":{"rendered":"http:\/\/inregnummarianum.d250.hu\/inregnummarianum\/?page_id=336"},"modified":"2012-02-16T19:50:52","modified_gmt":"2012-02-16T19:50:52","slug":"vegas-in-regnum-marianum","status":"publish","type":"page","link":"https:\/\/inregnummarianum.d250.hu\/inregnummarianum\/archive\/kanok\/vegas-in-regnum-marianum\/","title":{"rendered":"Vegas in Regnum Marianum"},"content":{"rendered":"<h2 style=\"text-align: center;\"><strong><br \/>\n<\/strong><\/h2>\n<div>\n<p><img loading=\"lazy\" class=\"alignleft size-medium wp-image-541\" title=\"Vegas in Regnum Marianum\" src=\"http:\/\/inregnummarianum.d250.hu\/wp-content\/uploads\/2012\/02\/Vegas-in-Regnum-Marianum-300x225.jpg\" alt=\"\" width=\"300\" height=\"225\" srcset=\"https:\/\/inregnummarianum.d250.hu\/inregnummarianum\/wp-content\/uploads\/2012\/02\/Vegas-in-Regnum-Marianum-300x225.jpg 300w, https:\/\/inregnummarianum.d250.hu\/inregnummarianum\/wp-content\/uploads\/2012\/02\/Vegas-in-Regnum-Marianum.jpg 450w\" sizes=\"(max-width: 300px) 100vw, 300px\" \/><\/p>\n<p>&nbsp;<\/p>\n<p>&nbsp;<\/p>\n<p>&nbsp;<\/p>\n<p>&nbsp;<\/p>\n<p>&nbsp;<\/p>\n<p>&nbsp;<\/p>\n<p>&nbsp;<\/p>\n<p>&nbsp;<\/p>\n<p>&nbsp;<\/p>\n<p><span style=\"font-size: large;\">TK-sz\u00e1m: 6236\/06<\/span><br \/>\n<span style=\"font-size: large;\">Tetov\u00e1l\u00e1si sz\u00e1m:<\/span><br \/>\n<span style=\"font-size: large;\">Sz\u00fclet\u00e9si d\u00e1tum:\u00a02006.03.25.<\/span><br \/>\n<span style=\"font-size: large;\">HD: Normal<\/span><br \/>\n<span style=\"font-size: large;\">ED: Normal<\/span><br \/>\n<span style=\"font-size: large;\">DNA:<\/span><br \/>\n<span style=\"font-size: large;\">K\u00e9pzetts\u00e9g.:<\/span><br \/>\n<span style=\"font-size: large;\">Teny\u00e9sszemle: <\/span><br \/>\n<span style=\"font-size: large;\">Min\u0151s\u00edt\u00e9s: SG1<\/span><\/p>\n<p>&nbsp;<br \/>\n<a href=\"http:\/\/inregnummarianum.d250.hu\/wp-content\/uploads\/2012\/02\/Vegas-in-Regnum-Marianum2.jpg\" target=\"_blank\"><img loading=\"lazy\" src=\"http:\/\/inregnummarianum.d250.hu\/wp-content\/uploads\/2012\/02\/Vegas-in-Regnum-Marianum2.jpg\" alt=\"\" title=\"Vegas in Regnum Marianum\" width=\"1016\" height=\"1204\" class=\"aligncenter size-full wp-image-1443\" srcset=\"https:\/\/inregnummarianum.d250.hu\/inregnummarianum\/wp-content\/uploads\/2012\/02\/Vegas-in-Regnum-Marianum2.jpg 1016w, https:\/\/inregnummarianum.d250.hu\/inregnummarianum\/wp-content\/uploads\/2012\/02\/Vegas-in-Regnum-Marianum2-253x300.jpg 253w, https:\/\/inregnummarianum.d250.hu\/inregnummarianum\/wp-content\/uploads\/2012\/02\/Vegas-in-Regnum-Marianum2-864x1024.jpg 864w\" sizes=\"(max-width: 1016px) 100vw, 1016px\" \/><\/a><br \/>\n&nbsp;<\/p>\n<p>&nbsp;<\/p>\n<\/div>\n","protected":false},"excerpt":{"rendered":"<p>&nbsp; &nbsp; &nbsp; &nbsp; &nbsp; &nbsp; &nbsp; &nbsp; &nbsp; TK-sz\u00e1m: 6236\/06 Tetov\u00e1l\u00e1si sz\u00e1m: Sz\u00fclet\u00e9si d\u00e1tum:\u00a02006.03.25. HD: Normal ED: Normal DNA: K\u00e9pzetts\u00e9g.: Teny\u00e9sszemle: Min\u0151s\u00edt\u00e9s: SG1 &nbsp; &nbsp; &nbsp;<\/p>\n","protected":false},"author":1,"featured_media":1049,"parent":21,"menu_order":9,"comment_status":"closed","ping_status":"closed","template":"","meta":[],"_links":{"self":[{"href":"https:\/\/inregnummarianum.d250.hu\/inregnummarianum\/wp-json\/wp\/v2\/pages\/336"}],"collection":[{"href":"https:\/\/inregnummarianum.d250.hu\/inregnummarianum\/wp-json\/wp\/v2\/pages"}],"about":[{"href":"https:\/\/inregnummarianum.d250.hu\/inregnummarianum\/wp-json\/wp\/v2\/types\/page"}],"author":[{"embeddable":true,"href":"https:\/\/inregnummarianum.d250.hu\/inregnummarianum\/wp-json\/wp\/v2\/users\/1"}],"replies":[{"embeddable":true,"href":"https:\/\/inregnummarianum.d250.hu\/inregnummarianum\/wp-json\/wp\/v2\/comments?post=336"}],"version-history":[{"count":13,"href":"https:\/\/inregnummarianum.d250.hu\/inregnummarianum\/wp-json\/wp\/v2\/pages\/336\/revisions"}],"predecessor-version":[{"id":449,"href":"https:\/\/inregnummarianum.d250.hu\/inregnummarianum\/wp-json\/wp\/v2\/pages\/336\/revisions\/449"}],"up":[{"embeddable":true,"href":"https:\/\/inregnummarianum.d250.hu\/inregnummarianum\/wp-json\/wp\/v2\/pages\/21"}],"wp:featuredmedia":[{"embeddable":true,"href":"https:\/\/inregnummarianum.d250.hu\/inregnummarianum\/wp-json\/wp\/v2\/media\/1049"}],"wp:attachment":[{"href":"https:\/\/inregnummarianum.d250.hu\/inregnummarianum\/wp-json\/wp\/v2\/media?parent=336"}],"curies":[{"name":"wp","href":"https:\/\/api.w.org\/{rel}","templated":true}]}}