{"id":330,"date":"2012-02-06T00:23:45","date_gmt":"2012-02-06T00:23:45","guid":{"rendered":"http:\/\/inregnummarianum.d250.hu\/inregnummarianum\/?page_id=330"},"modified":"2012-02-16T19:43:35","modified_gmt":"2012-02-16T19:43:35","slug":"jumbo-in-regnum-marianum","status":"publish","type":"page","link":"https:\/\/inregnummarianum.d250.hu\/inregnummarianum\/archive\/kanok\/jumbo-in-regnum-marianum\/","title":{"rendered":"Jumbo in Regnum Marianum"},"content":{"rendered":"<h2 style=\"text-align: center;\"><strong><br \/>\n<\/strong><\/h2>\n<div>\n<p><img loading=\"lazy\" class=\"alignleft size-medium wp-image-522\" title=\"Jumbo in Regnum Marianum2\" src=\"http:\/\/inregnummarianum.d250.hu\/wp-content\/uploads\/2012\/02\/Jumbo-in-Regnum-Marianum2-300x224.jpg\" alt=\"\" width=\"300\" height=\"224\" srcset=\"https:\/\/inregnummarianum.d250.hu\/inregnummarianum\/wp-content\/uploads\/2012\/02\/Jumbo-in-Regnum-Marianum2-300x224.jpg 300w, https:\/\/inregnummarianum.d250.hu\/inregnummarianum\/wp-content\/uploads\/2012\/02\/Jumbo-in-Regnum-Marianum2.jpg 606w\" sizes=\"(max-width: 300px) 100vw, 300px\" \/><\/p>\n<p>&nbsp;<\/p>\n<p>&nbsp;<\/p>\n<p>&nbsp;<\/p>\n<p>&nbsp;<\/p>\n<p>&nbsp;<\/p>\n<p>&nbsp;<\/p>\n<p>&nbsp;<\/p>\n<p>&nbsp;<\/p>\n<p>&nbsp;<\/p>\n<p><span style=\"font-size: large;\">TK-sz\u00e1m:<\/span><br \/>\n<span style=\"font-size: large;\">Tetov\u00e1l\u00e1si sz\u00e1m:\u00a0HB 0230<\/span><br \/>\n<span style=\"font-size: large;\">Sz\u00fclet\u00e9si d\u00e1tum:\u00a02003.11.23.<\/span><br \/>\n<span style=\"font-size: large;\">HD: Normal<\/span><br \/>\n<span style=\"font-size: large;\">ED: Normal<\/span><br \/>\n<span style=\"font-size: large;\">DNA:\u00a0Gpr<\/span><br \/>\n<span style=\"font-size: large;\">K\u00e9pzetts\u00e9g.: SchH1<\/span><br \/>\n<span style=\"font-size: large;\">Teny\u00e9sszemle: K\u00f6rkl.1<\/span><br \/>\n<span style=\"font-size: large;\">Min\u0151s\u00edt\u00e9s: V1<\/span><\/p>\n<p>&nbsp;<br \/>\n<a href=\"http:\/\/inregnummarianum.d250.hu\/wp-content\/uploads\/2012\/02\/jumbo-in-regnum-marianum.jpg\" target=\"_blank\"><img loading=\"lazy\" src=\"http:\/\/inregnummarianum.d250.hu\/wp-content\/uploads\/2012\/02\/jumbo-in-regnum-marianum.jpg\" alt=\"\" title=\"jumbo in regnum marianum\" width=\"1016\" height=\"1204\" class=\"aligncenter size-full wp-image-1437\" srcset=\"https:\/\/inregnummarianum.d250.hu\/inregnummarianum\/wp-content\/uploads\/2012\/02\/jumbo-in-regnum-marianum.jpg 1016w, https:\/\/inregnummarianum.d250.hu\/inregnummarianum\/wp-content\/uploads\/2012\/02\/jumbo-in-regnum-marianum-253x300.jpg 253w, https:\/\/inregnummarianum.d250.hu\/inregnummarianum\/wp-content\/uploads\/2012\/02\/jumbo-in-regnum-marianum-864x1024.jpg 864w\" sizes=\"(max-width: 1016px) 100vw, 1016px\" \/><\/a><br \/>\n&nbsp;<\/p>\n<p>&nbsp;<\/p>\n<\/div>\n","protected":false},"excerpt":{"rendered":"<p>&nbsp; &nbsp; &nbsp; &nbsp; &nbsp; &nbsp; &nbsp; &nbsp; &nbsp; TK-sz\u00e1m: Tetov\u00e1l\u00e1si sz\u00e1m:\u00a0HB 0230 Sz\u00fclet\u00e9si d\u00e1tum:\u00a02003.11.23. HD: Normal ED: Normal DNA:\u00a0Gpr K\u00e9pzetts\u00e9g.: SchH1 Teny\u00e9sszemle: K\u00f6rkl.1 Min\u0151s\u00edt\u00e9s: V1 &nbsp; &nbsp; &nbsp;<\/p>\n","protected":false},"author":1,"featured_media":1043,"parent":21,"menu_order":5,"comment_status":"closed","ping_status":"closed","template":"","meta":[],"_links":{"self":[{"href":"https:\/\/inregnummarianum.d250.hu\/inregnummarianum\/wp-json\/wp\/v2\/pages\/330"}],"collection":[{"href":"https:\/\/inregnummarianum.d250.hu\/inregnummarianum\/wp-json\/wp\/v2\/pages"}],"about":[{"href":"https:\/\/inregnummarianum.d250.hu\/inregnummarianum\/wp-json\/wp\/v2\/types\/page"}],"author":[{"embeddable":true,"href":"https:\/\/inregnummarianum.d250.hu\/inregnummarianum\/wp-json\/wp\/v2\/users\/1"}],"replies":[{"embeddable":true,"href":"https:\/\/inregnummarianum.d250.hu\/inregnummarianum\/wp-json\/wp\/v2\/comments?post=330"}],"version-history":[{"count":14,"href":"https:\/\/inregnummarianum.d250.hu\/inregnummarianum\/wp-json\/wp\/v2\/pages\/330\/revisions"}],"predecessor-version":[{"id":454,"href":"https:\/\/inregnummarianum.d250.hu\/inregnummarianum\/wp-json\/wp\/v2\/pages\/330\/revisions\/454"}],"up":[{"embeddable":true,"href":"https:\/\/inregnummarianum.d250.hu\/inregnummarianum\/wp-json\/wp\/v2\/pages\/21"}],"wp:featuredmedia":[{"embeddable":true,"href":"https:\/\/inregnummarianum.d250.hu\/inregnummarianum\/wp-json\/wp\/v2\/media\/1043"}],"wp:attachment":[{"href":"https:\/\/inregnummarianum.d250.hu\/inregnummarianum\/wp-json\/wp\/v2\/media?parent=330"}],"curies":[{"name":"wp","href":"https:\/\/api.w.org\/{rel}","templated":true}]}}