{"id":218,"date":"2012-02-05T19:32:23","date_gmt":"2012-02-05T19:32:23","guid":{"rendered":"http:\/\/inregnummarianum.d250.hu\/inregnummarianum\/?page_id=218"},"modified":"2012-02-17T21:00:49","modified_gmt":"2012-02-17T21:00:49","slug":"vinni-v-d-plassenburg","status":"publish","type":"page","link":"https:\/\/inregnummarianum.d250.hu\/inregnummarianum\/archive\/szukak\/vinni-v-d-plassenburg\/","title":{"rendered":"Vinni v.d. Plassenburg"},"content":{"rendered":"<h2 style=\"text-align: center;\"><strong><br \/>\n<\/strong><\/h2>\n<div>\n<p><img loading=\"lazy\" class=\"alignleft size-medium wp-image-560\" title=\"Vinni v.d. Plassenburg\" src=\"http:\/\/inregnummarianum.d250.hu\/wp-content\/uploads\/2012\/02\/Vinni-v.d.-Plassenburg3-300x214.jpg\" alt=\"\" width=\"300\" height=\"214\" srcset=\"https:\/\/inregnummarianum.d250.hu\/inregnummarianum\/wp-content\/uploads\/2012\/02\/Vinni-v.d.-Plassenburg3-300x214.jpg 300w, https:\/\/inregnummarianum.d250.hu\/inregnummarianum\/wp-content\/uploads\/2012\/02\/Vinni-v.d.-Plassenburg3.jpg 600w\" sizes=\"(max-width: 300px) 100vw, 300px\" \/><\/p>\n<p>&nbsp;<\/p>\n<p>&nbsp;<\/p>\n<p>&nbsp;<\/p>\n<p>&nbsp;<\/p>\n<p>&nbsp;<\/p>\n<p>&nbsp;<\/p>\n<p>&nbsp;<\/p>\n<p>&nbsp;<\/p>\n<p>&nbsp;<\/p>\n<p><span style=\"font-size: large;\">TK-sz\u00e1m: 2258392<\/span><br \/>\n<span style=\"font-size: large;\">Chip-Nr.: 981189900003772<\/span><br \/>\n<span style=\"font-size: large;\">Sz\u00fclet\u00e9si d\u00e1tum:\u00a02010.08.15<\/span><br \/>\n<span style=\"font-size: large;\">HD:\u00a0Normal<\/span><br \/>\n<span style=\"font-size: large;\">ED:\u00a0Normal<\/span><br \/>\n<span style=\"font-size: large;\">DNA: Gpr<\/span><br \/>\n<span style=\"font-size: large;\">K\u00e9pzetts\u00e9g.:<\/span><br \/>\n<span style=\"font-size: large;\">Teny\u00e9sszemle: <\/span><br \/>\n<span style=\"font-size: large;\">Min\u0151s\u00edt\u00e9s: SG1<\/span><\/p>\n<p style=\"text-align: center;\">&nbsp;<\/p>\n<p><a href=\"http:\/\/inregnummarianum.d250.hu\/wp-content\/uploads\/2012\/02\/Vinni-v.d.-Plassenburg5.jpg\" target=\"_blank\"><img loading=\"lazy\" class=\"aligncenter size-full wp-image-1455\" title=\"Vinni v.d. Plassenburg\" src=\"http:\/\/inregnummarianum.d250.hu\/wp-content\/uploads\/2012\/02\/Vinni-v.d.-Plassenburg5.jpg\" alt=\"\" width=\"1016\" height=\"1204\" srcset=\"https:\/\/inregnummarianum.d250.hu\/inregnummarianum\/wp-content\/uploads\/2012\/02\/Vinni-v.d.-Plassenburg5.jpg 1016w, https:\/\/inregnummarianum.d250.hu\/inregnummarianum\/wp-content\/uploads\/2012\/02\/Vinni-v.d.-Plassenburg5-253x300.jpg 253w, https:\/\/inregnummarianum.d250.hu\/inregnummarianum\/wp-content\/uploads\/2012\/02\/Vinni-v.d.-Plassenburg5-864x1024.jpg 864w\" sizes=\"(max-width: 1016px) 100vw, 1016px\" \/><\/a><\/p>\n<\/div>\n","protected":false},"excerpt":{"rendered":"<p>&nbsp; &nbsp; &nbsp; &nbsp; &nbsp; &nbsp; &nbsp; &nbsp; &nbsp; TK-sz\u00e1m: 2258392 Chip-Nr.: 981189900003772 Sz\u00fclet\u00e9si d\u00e1tum:\u00a02010.08.15 HD:\u00a0Normal ED:\u00a0Normal DNA: Gpr K\u00e9pzetts\u00e9g.: Teny\u00e9sszemle: Min\u0151s\u00edt\u00e9s: SG1 &nbsp;<\/p>\n","protected":false},"author":1,"featured_media":1177,"parent":23,"menu_order":15,"comment_status":"closed","ping_status":"closed","template":"","meta":[],"_links":{"self":[{"href":"https:\/\/inregnummarianum.d250.hu\/inregnummarianum\/wp-json\/wp\/v2\/pages\/218"}],"collection":[{"href":"https:\/\/inregnummarianum.d250.hu\/inregnummarianum\/wp-json\/wp\/v2\/pages"}],"about":[{"href":"https:\/\/inregnummarianum.d250.hu\/inregnummarianum\/wp-json\/wp\/v2\/types\/page"}],"author":[{"embeddable":true,"href":"https:\/\/inregnummarianum.d250.hu\/inregnummarianum\/wp-json\/wp\/v2\/users\/1"}],"replies":[{"embeddable":true,"href":"https:\/\/inregnummarianum.d250.hu\/inregnummarianum\/wp-json\/wp\/v2\/comments?post=218"}],"version-history":[{"count":16,"href":"https:\/\/inregnummarianum.d250.hu\/inregnummarianum\/wp-json\/wp\/v2\/pages\/218\/revisions"}],"predecessor-version":[{"id":438,"href":"https:\/\/inregnummarianum.d250.hu\/inregnummarianum\/wp-json\/wp\/v2\/pages\/218\/revisions\/438"}],"up":[{"embeddable":true,"href":"https:\/\/inregnummarianum.d250.hu\/inregnummarianum\/wp-json\/wp\/v2\/pages\/23"}],"wp:featuredmedia":[{"embeddable":true,"href":"https:\/\/inregnummarianum.d250.hu\/inregnummarianum\/wp-json\/wp\/v2\/media\/1177"}],"wp:attachment":[{"href":"https:\/\/inregnummarianum.d250.hu\/inregnummarianum\/wp-json\/wp\/v2\/media?parent=218"}],"curies":[{"name":"wp","href":"https:\/\/api.w.org\/{rel}","templated":true}]}}