{"id":2071,"date":"2012-07-24T18:47:25","date_gmt":"2012-07-24T16:47:25","guid":{"rendered":"http:\/\/inregnummarianum.d250.hu\/inregnummarianum\/?page_id=2071"},"modified":"2014-01-31T16:06:21","modified_gmt":"2014-01-31T15:06:21","slug":"utodok-szukak","status":"publish","type":"page","link":"https:\/\/inregnummarianum.d250.hu\/inregnummarianum\/archive\/kanok\/irano-vom-fichtenschlag\/utodok-szukak\/","title":{"rendered":"Ut\u00f3dok &#8211; szuk\u00e1k"},"content":{"rendered":"<table width=\"650\">\n<tbody>\n<tr>\n<td style=\"text-align: center;\">Sz\u00fclet\u00e9si d\u00e1tum: 2012.03.14.<br \/>\nanya: <a href=\"http:\/\/www.pedigreedatabase.com\/german_shepherd_dog\/dog.html?id=518381\" target=\"_top\">V Cascha vom Holtk\u00e4mper Hof<\/a><\/p>\n<p><div id=\"attachment_2080\" style=\"width: 310px\" class=\"wp-caption aligncenter\"><a href=\"http:\/\/www.pedigreedatabase.com\/german_shepherd_dog\/dog.html?id=1803264\" target=\"_blank\"><img aria-describedby=\"caption-attachment-2080\" loading=\"lazy\" class=\"size-medium wp-image-2080   \" title=\"Angie in Regnum Marianum\" src=\"http:\/\/inregnummarianum.d250.hu\/wp-content\/uploads\/2012\/07\/Angie-in-Regnum-Marianum-300x223.jpg\" alt=\"\" width=\"300\" height=\"223\" srcset=\"https:\/\/inregnummarianum.d250.hu\/inregnummarianum\/wp-content\/uploads\/2012\/07\/Angie-in-Regnum-Marianum-300x223.jpg 300w, https:\/\/inregnummarianum.d250.hu\/inregnummarianum\/wp-content\/uploads\/2012\/07\/Angie-in-Regnum-Marianum.jpg 560w\" sizes=\"(max-width: 300px) 100vw, 300px\" \/><\/a><p id=\"caption-attachment-2080\" class=\"wp-caption-text\">Angie in Regnum Marianum<\/p><\/div><\/td>\n<td style=\"text-align: center;\">Sz\u00fclet\u00e9si d\u00e1tum: 2012.03.14.<br \/>\nanya: <a href=\"http:\/\/www.pedigreedatabase.com\/german_shepherd_dog\/dog.html?id=518381\" target=\"_top\">V Cascha vom Holtk\u00e4mper Hof<\/a><\/p>\n<p><div id=\"attachment_2174\" style=\"width: 310px\" class=\"wp-caption aligncenter\"><a href=\"http:\/\/www.pedigreedatabase.com\/german_shepherd_dog\/dog.html?id=1829278\"><img aria-describedby=\"caption-attachment-2174\" loading=\"lazy\" class=\"size-medium wp-image-2174\" title=\"Amy in Regnum Marianum\" src=\"http:\/\/inregnummarianum.d250.hu\/wp-content\/uploads\/2012\/07\/Amy-in-Regnum-Marianum-300x218.jpg\" alt=\"\" width=\"300\" height=\"218\" srcset=\"https:\/\/inregnummarianum.d250.hu\/inregnummarianum\/wp-content\/uploads\/2012\/07\/Amy-in-Regnum-Marianum-300x218.jpg 300w, https:\/\/inregnummarianum.d250.hu\/inregnummarianum\/wp-content\/uploads\/2012\/07\/Amy-in-Regnum-Marianum.jpg 520w\" sizes=\"(max-width: 300px) 100vw, 300px\" \/><\/a><p id=\"caption-attachment-2174\" class=\"wp-caption-text\">Amy in Regnum Marianum<\/p><\/div><\/td>\n<\/tr>\n<tr>\n<td style=\"text-align: center;\">Sz\u00fclet\u00e9si d\u00e1tum: 2012.02.15.<br \/>\nanya:\u00a0<a href=\"http:\/\/www.pedigreedatabase.com\/german_shepherd_dog\/dog.html?id=574493\" target=\"_top\">HPJ,HFGY,CHAM.-CHAMP Sandra in Regnum Marianum<\/a><\/p>\n<p><div id=\"attachment_2082\" style=\"width: 310px\" class=\"wp-caption aligncenter\"><a href=\"http:\/\/www.pedigreedatabase.com\/german_shepherd_dog\/dog.html?id=1346131\" target=\"_blank\"><img aria-describedby=\"caption-attachment-2082\" loading=\"lazy\" class=\"size-medium wp-image-2082 \" title=\"Bella von Nord Osten\" src=\"http:\/\/inregnummarianum.d250.hu\/wp-content\/uploads\/2012\/07\/Bella-von-Nord-Osten-300x210.jpg\" alt=\"\" width=\"300\" height=\"210\" srcset=\"https:\/\/inregnummarianum.d250.hu\/inregnummarianum\/wp-content\/uploads\/2012\/07\/Bella-von-Nord-Osten-300x210.jpg 300w, https:\/\/inregnummarianum.d250.hu\/inregnummarianum\/wp-content\/uploads\/2012\/07\/Bella-von-Nord-Osten.jpg 600w\" sizes=\"(max-width: 300px) 100vw, 300px\" \/><\/a><p id=\"caption-attachment-2082\" class=\"wp-caption-text\">Bella von Nord Osten<\/p><\/div><\/td>\n<td style=\"text-align: center;\">Sz\u00fclet\u00e9si d\u00e1tum: 2012.02.15.<br \/>\nanya:\u00a0<a href=\"http:\/\/www.pedigreedatabase.com\/german_shepherd_dog\/dog.html?id=574493\" target=\"_top\">HPJ,HFGY,CHAM.-CHAMP Sandra in Regnum Marianum<\/a><\/p>\n<p><div id=\"attachment_2083\" style=\"width: 310px\" class=\"wp-caption aligncenter\"><a href=\"http:\/\/www.pedigreedatabase.com\/german_shepherd_dog\/dog.html?id=1346134\" target=\"_blank\"><img aria-describedby=\"caption-attachment-2083\" loading=\"lazy\" class=\"size-medium wp-image-2083 \" title=\"Bogi von Nord  Osten\" src=\"http:\/\/inregnummarianum.d250.hu\/wp-content\/uploads\/2012\/07\/Bogi-von-Nord-Osten-300x180.jpg\" alt=\"\" width=\"300\" height=\"180\" srcset=\"https:\/\/inregnummarianum.d250.hu\/inregnummarianum\/wp-content\/uploads\/2012\/07\/Bogi-von-Nord-Osten-300x180.jpg 300w, https:\/\/inregnummarianum.d250.hu\/inregnummarianum\/wp-content\/uploads\/2012\/07\/Bogi-von-Nord-Osten.jpg 600w\" sizes=\"(max-width: 300px) 100vw, 300px\" \/><\/a><p id=\"caption-attachment-2083\" class=\"wp-caption-text\">Bogi von Nord Osten<\/p><\/div><\/td>\n<\/tr>\n<tr>\n<td style=\"text-align: center;\">Sz\u00fclet\u00e9si d\u00e1tum: 2012.02.15.<br \/>\nanya:\u00a0<a href=\"http:\/\/www.pedigreedatabase.com\/german_shepherd_dog\/dog.html?id=574493\" target=\"_top\">HPJ,HFGY,CHAM.-CHAMP Sandra in Regnum Marianum<\/a><\/p>\n<p><div id=\"attachment_2084\" style=\"width: 310px\" class=\"wp-caption aligncenter\"><a href=\"http:\/\/www.pedigreedatabase.com\/german_shepherd_dog\/dog.html?id=1346127\" target=\"_blank\"><img aria-describedby=\"caption-attachment-2084\" loading=\"lazy\" class=\"size-medium wp-image-2084  \" title=\"Bonie von Nord Osten\" src=\"http:\/\/inregnummarianum.d250.hu\/wp-content\/uploads\/2012\/07\/Bonie-von-Nord-Osten-300x205.jpg\" alt=\"\" width=\"300\" height=\"205\" srcset=\"https:\/\/inregnummarianum.d250.hu\/inregnummarianum\/wp-content\/uploads\/2012\/07\/Bonie-von-Nord-Osten-300x205.jpg 300w, https:\/\/inregnummarianum.d250.hu\/inregnummarianum\/wp-content\/uploads\/2012\/07\/Bonie-von-Nord-Osten.jpg 599w\" sizes=\"(max-width: 300px) 100vw, 300px\" \/><\/a><p id=\"caption-attachment-2084\" class=\"wp-caption-text\">Bonie von Nord Osten<\/p><\/div><\/td>\n<td style=\"text-align: center;\">Sz\u00fclet\u00e9si d\u00e1tum: 2012.02.15.<br \/>\nanya:\u00a0<a href=\"http:\/\/www.pedigreedatabase.com\/german_shepherd_dog\/dog.html?id=574493\" target=\"_top\">HPJ,HFGY,CHAM.-CHAMP Sandra in Regnum Marianum<\/a><\/p>\n<p><div style=\"width: 310px\" class=\"wp-caption alignnone\"><a href=\"http:\/\/www.pedigreedatabase.com\/german_shepherd_dog\/dog.html?id=1806219\" target=\"_blank\"><img loading=\"lazy\" title=\"Becky von Nord Osten\" src=\"http:\/\/inregnummarianum.d250.hu\/wp-content\/uploads\/2012\/07\/Becky-von-Nord-Osten-e1343157835554-300x214.jpg\" alt=\"\" width=\"300\" height=\"214\" \/><\/a><p class=\"wp-caption-text\">Becky von Nord Osten<\/p><\/div><\/td>\n<\/tr>\n<\/tbody>\n<\/table>\n","protected":false},"excerpt":{"rendered":"<p>Sz\u00fclet\u00e9si d\u00e1tum: 2012.03.14. anya: V Cascha vom Holtk\u00e4mper Hof Sz\u00fclet\u00e9si d\u00e1tum: 2012.03.14. anya: V Cascha vom Holtk\u00e4mper Hof Sz\u00fclet\u00e9si d\u00e1tum: 2012.02.15. anya:\u00a0HPJ,HFGY,CHAM.-CHAMP Sandra in Regnum Marianum Sz\u00fclet\u00e9si d\u00e1tum: 2012.02.15. anya:\u00a0HPJ,HFGY,CHAM.-CHAMP Sandra in Regnum Marianum Sz\u00fclet\u00e9si d\u00e1tum: 2012.02.15. anya:\u00a0HPJ,HFGY,CHAM.-CHAMP Sandra in Regnum Marianum Sz\u00fclet\u00e9si d\u00e1tum: 2012.02.15. anya:\u00a0HPJ,HFGY,CHAM.-CHAMP Sandra in Regnum Marianum<\/p>\n","protected":false},"author":1,"featured_media":0,"parent":164,"menu_order":0,"comment_status":"closed","ping_status":"closed","template":"","meta":[],"_links":{"self":[{"href":"https:\/\/inregnummarianum.d250.hu\/inregnummarianum\/wp-json\/wp\/v2\/pages\/2071"}],"collection":[{"href":"https:\/\/inregnummarianum.d250.hu\/inregnummarianum\/wp-json\/wp\/v2\/pages"}],"about":[{"href":"https:\/\/inregnummarianum.d250.hu\/inregnummarianum\/wp-json\/wp\/v2\/types\/page"}],"author":[{"embeddable":true,"href":"https:\/\/inregnummarianum.d250.hu\/inregnummarianum\/wp-json\/wp\/v2\/users\/1"}],"replies":[{"embeddable":true,"href":"https:\/\/inregnummarianum.d250.hu\/inregnummarianum\/wp-json\/wp\/v2\/comments?post=2071"}],"version-history":[{"count":29,"href":"https:\/\/inregnummarianum.d250.hu\/inregnummarianum\/wp-json\/wp\/v2\/pages\/2071\/revisions"}],"predecessor-version":[{"id":2087,"href":"https:\/\/inregnummarianum.d250.hu\/inregnummarianum\/wp-json\/wp\/v2\/pages\/2071\/revisions\/2087"}],"up":[{"embeddable":true,"href":"https:\/\/inregnummarianum.d250.hu\/inregnummarianum\/wp-json\/wp\/v2\/pages\/164"}],"wp:attachment":[{"href":"https:\/\/inregnummarianum.d250.hu\/inregnummarianum\/wp-json\/wp\/v2\/media?parent=2071"}],"curies":[{"name":"wp","href":"https:\/\/api.w.org\/{rel}","templated":true}]}}