{"id":2069,"date":"2012-07-24T18:46:34","date_gmt":"2012-07-24T16:46:34","guid":{"rendered":"http:\/\/inregnummarianum.d250.hu\/inregnummarianum\/?page_id=2069"},"modified":"2014-01-31T16:06:26","modified_gmt":"2014-01-31T15:06:26","slug":"utodok-kanok","status":"publish","type":"page","link":"https:\/\/inregnummarianum.d250.hu\/inregnummarianum\/archive\/kanok\/irano-vom-fichtenschlag\/utodok-kanok\/","title":{"rendered":"Ut\u00f3dok &#8211; kanok"},"content":{"rendered":"<table width=\"650\">\n<tbody>\n<tr>\n<td style=\"text-align: center;\">Sz\u00fclet\u00e9si d\u00e1tum: 2012.02.14.<br \/>\nanya: <a href=\"http:\/\/www.pedigreedatabase.com\/german_shepherd_dog\/dog.html?id=518381\" target=\"_top\">V Cascha vom Holtk\u00e4mper Hof<\/a><\/p>\n<p><div id=\"attachment_2109\" style=\"width: 310px\" class=\"wp-caption aligncenter\"><a href=\"http:\/\/www.pedigreedatabase.com\/german_shepherd_dog\/dog.html?id=1815977\" target=\"_blank\"><img aria-describedby=\"caption-attachment-2109\" loading=\"lazy\" class=\"size-medium wp-image-2109 \" title=\"Alfa in Regnum Marianum\" src=\"http:\/\/inregnummarianum.d250.hu\/wp-content\/uploads\/2012\/07\/Alfa-in-Regnum-Marianum-300x221.jpg\" alt=\"\" width=\"300\" height=\"221\" srcset=\"https:\/\/inregnummarianum.d250.hu\/inregnummarianum\/wp-content\/uploads\/2012\/07\/Alfa-in-Regnum-Marianum-300x221.jpg 300w, https:\/\/inregnummarianum.d250.hu\/inregnummarianum\/wp-content\/uploads\/2012\/07\/Alfa-in-Regnum-Marianum.jpg 502w\" sizes=\"(max-width: 300px) 100vw, 300px\" \/><\/a><p id=\"caption-attachment-2109\" class=\"wp-caption-text\">Alfa in Regnum Marianum<\/p><\/div><\/td>\n<td style=\"text-align: center;\">Sz\u00fclet\u00e9si d\u00e1tum: 2012.02.14.<br \/>\nanya:\u00a0<a href=\"http:\/\/www.pedigreedatabase.com\/german_shepherd_dog\/dog.html?id=518381\" target=\"_top\">V Cascha vom Holtk\u00e4mper Hof<\/a><\/p>\n<p><div id=\"attachment_2110\" style=\"width: 310px\" class=\"wp-caption aligncenter\"><a href=\"http:\/\/www.pedigreedatabase.com\/german_shepherd_dog\/dog.html?id=1357274\" target=\"_blank\"><img aria-describedby=\"caption-attachment-2110\" loading=\"lazy\" class=\"size-medium wp-image-2110 \" title=\"Athos in Regnum Marianum\" src=\"http:\/\/inregnummarianum.d250.hu\/wp-content\/uploads\/2012\/07\/Athos-in-Regnum-Marianum-300x199.jpg\" alt=\"\" width=\"300\" height=\"199\" srcset=\"https:\/\/inregnummarianum.d250.hu\/inregnummarianum\/wp-content\/uploads\/2012\/07\/Athos-in-Regnum-Marianum-300x199.jpg 300w, https:\/\/inregnummarianum.d250.hu\/inregnummarianum\/wp-content\/uploads\/2012\/07\/Athos-in-Regnum-Marianum.jpg 599w\" sizes=\"(max-width: 300px) 100vw, 300px\" \/><\/a><p id=\"caption-attachment-2110\" class=\"wp-caption-text\">Athos in Regnum Marianum<\/p><\/div><\/td>\n<\/tr>\n<tr>\n<td style=\"text-align: center;\">Sz\u00fclet\u00e9si d\u00e1tum: 2012.02.15.<br \/>\nanya:\u00a0<a href=\"http:\/\/www.pedigreedatabase.com\/german_shepherd_dog\/dog.html?id=574493\" target=\"_top\">HPJ,HFGY,CHAM.-CHAMP Sandra in Regnum Marianum<\/a><\/p>\n<p><div id=\"attachment_2111\" style=\"width: 310px\" class=\"wp-caption aligncenter\"><a href=\"http:\/\/www.pedigreedatabase.com\/german_shepherd_dog\/dog.html?id=1340396\" target=\"_blank\"><img aria-describedby=\"caption-attachment-2111\" loading=\"lazy\" class=\"size-medium wp-image-2111 \" title=\"Bosco von Nord Osten\" src=\"http:\/\/inregnummarianum.d250.hu\/wp-content\/uploads\/2012\/07\/Bosco-von-Nord-Osten-300x211.jpg\" alt=\"\" width=\"300\" height=\"211\" srcset=\"https:\/\/inregnummarianum.d250.hu\/inregnummarianum\/wp-content\/uploads\/2012\/07\/Bosco-von-Nord-Osten-300x211.jpg 300w, https:\/\/inregnummarianum.d250.hu\/inregnummarianum\/wp-content\/uploads\/2012\/07\/Bosco-von-Nord-Osten.jpg 599w\" sizes=\"(max-width: 300px) 100vw, 300px\" \/><\/a><p id=\"caption-attachment-2111\" class=\"wp-caption-text\">Bosco von Nord Osten<\/p><\/div><\/td>\n<td style=\"text-align: center;\">Sz\u00fclet\u00e9si d\u00e1tum: &#8230;<br \/>\nanya:\u00a0<a href=\"http:\/\/www.pedigreedatabase.com\/german_shepherd_dog\/dog.html?id=733825\" target=\"_top\">Cs\u00f6rsz-\u00e1rki Akela<\/a><\/p>\n<p><div id=\"attachment_2112\" style=\"width: 310px\" class=\"wp-caption aligncenter\"><a href=\"http:\/\/www.pedigreedatabase.com\/german_shepherd_dog\/dog.html?id=1825836\" target=\"_blank\"><img aria-describedby=\"caption-attachment-2112\" loading=\"lazy\" class=\"size-medium wp-image-2112 \" title=\"Omen von Team Milford\" src=\"http:\/\/inregnummarianum.d250.hu\/wp-content\/uploads\/2012\/07\/Omen-von-Team-Milford-300x197.jpg\" alt=\"\" width=\"300\" height=\"197\" srcset=\"https:\/\/inregnummarianum.d250.hu\/inregnummarianum\/wp-content\/uploads\/2012\/07\/Omen-von-Team-Milford-300x197.jpg 300w, https:\/\/inregnummarianum.d250.hu\/inregnummarianum\/wp-content\/uploads\/2012\/07\/Omen-von-Team-Milford.jpg 600w\" sizes=\"(max-width: 300px) 100vw, 300px\" \/><\/a><p id=\"caption-attachment-2112\" class=\"wp-caption-text\">Omen von Team Milford<\/p><\/div><\/td>\n<\/tr>\n<tr>\n<td style=\"text-align: center;\">Sz\u00fclet\u00e9si d\u00e1tum: 2012.02.22.<br \/>\nanya:\u00a0<a href=\"http:\/\/www.pedigreedatabase.com\/german_shepherd_dog\/dog.html?id=609830\" target=\"_top\">SG Babette vom Lassellsberg<\/a><\/p>\n<p><div id=\"attachment_2113\" style=\"width: 310px\" class=\"wp-caption aligncenter\"><a href=\"http:\/\/www.pedigreedatabase.com\/german_shepherd_dog\/dog.html?id=1803268\" target=\"_blank\"><img aria-describedby=\"caption-attachment-2113\" loading=\"lazy\" class=\"size-medium wp-image-2113 \" title=\"Zamp in Regnum Marianum\" src=\"http:\/\/inregnummarianum.d250.hu\/wp-content\/uploads\/2012\/07\/Zamp-in-Regnum-Marianum-300x209.jpg\" alt=\"\" width=\"300\" height=\"209\" srcset=\"https:\/\/inregnummarianum.d250.hu\/inregnummarianum\/wp-content\/uploads\/2012\/07\/Zamp-in-Regnum-Marianum-300x209.jpg 300w, https:\/\/inregnummarianum.d250.hu\/inregnummarianum\/wp-content\/uploads\/2012\/07\/Zamp-in-Regnum-Marianum.jpg 600w\" sizes=\"(max-width: 300px) 100vw, 300px\" \/><\/a><p id=\"caption-attachment-2113\" class=\"wp-caption-text\">Zamp in Regnum Marianum<\/p><\/div><\/td>\n<td style=\"text-align: center;\"><\/td>\n<\/tr>\n<\/tbody>\n<\/table>\n","protected":false},"excerpt":{"rendered":"<p>Sz\u00fclet\u00e9si d\u00e1tum: 2012.02.14. anya: V Cascha vom Holtk\u00e4mper Hof Sz\u00fclet\u00e9si d\u00e1tum: 2012.02.14. anya:\u00a0V Cascha vom Holtk\u00e4mper Hof Sz\u00fclet\u00e9si d\u00e1tum: 2012.02.15. anya:\u00a0HPJ,HFGY,CHAM.-CHAMP Sandra in Regnum Marianum Sz\u00fclet\u00e9si d\u00e1tum: &#8230; anya:\u00a0Cs\u00f6rsz-\u00e1rki Akela Sz\u00fclet\u00e9si d\u00e1tum: 2012.02.22. anya:\u00a0SG Babette vom Lassellsberg<\/p>\n","protected":false},"author":1,"featured_media":0,"parent":164,"menu_order":0,"comment_status":"closed","ping_status":"closed","template":"","meta":[],"_links":{"self":[{"href":"https:\/\/inregnummarianum.d250.hu\/inregnummarianum\/wp-json\/wp\/v2\/pages\/2069"}],"collection":[{"href":"https:\/\/inregnummarianum.d250.hu\/inregnummarianum\/wp-json\/wp\/v2\/pages"}],"about":[{"href":"https:\/\/inregnummarianum.d250.hu\/inregnummarianum\/wp-json\/wp\/v2\/types\/page"}],"author":[{"embeddable":true,"href":"https:\/\/inregnummarianum.d250.hu\/inregnummarianum\/wp-json\/wp\/v2\/users\/1"}],"replies":[{"embeddable":true,"href":"https:\/\/inregnummarianum.d250.hu\/inregnummarianum\/wp-json\/wp\/v2\/comments?post=2069"}],"version-history":[{"count":9,"href":"https:\/\/inregnummarianum.d250.hu\/inregnummarianum\/wp-json\/wp\/v2\/pages\/2069\/revisions"}],"predecessor-version":[{"id":2163,"href":"https:\/\/inregnummarianum.d250.hu\/inregnummarianum\/wp-json\/wp\/v2\/pages\/2069\/revisions\/2163"}],"up":[{"embeddable":true,"href":"https:\/\/inregnummarianum.d250.hu\/inregnummarianum\/wp-json\/wp\/v2\/pages\/164"}],"wp:attachment":[{"href":"https:\/\/inregnummarianum.d250.hu\/inregnummarianum\/wp-json\/wp\/v2\/media?parent=2069"}],"curies":[{"name":"wp","href":"https:\/\/api.w.org\/{rel}","templated":true}]}}