{"id":1710,"date":"2012-03-11T18:07:47","date_gmt":"2012-03-11T18:07:47","guid":{"rendered":"http:\/\/inregnummarianum.d250.hu\/inregnummarianum\/?page_id=1710"},"modified":"2012-03-13T11:30:09","modified_gmt":"2012-03-13T11:30:09","slug":"bonie-von-der-plassenburg","status":"publish","type":"page","link":"https:\/\/inregnummarianum.d250.hu\/inregnummarianum\/szukak\/bonie-von-der-plassenburg\/","title":{"rendered":"Bonie von der Plassenburg"},"content":{"rendered":"<p><span style=\"font-size: large;\"><img loading=\"lazy\" class=\"alignleft size-medium wp-image-1730\" title=\"Bonie von der Plassenburg\" src=\"http:\/\/inregnummarianum.d250.hu\/wp-content\/uploads\/2012\/03\/Bonie-von-der-Plassenburg-300x194.jpg\" alt=\"\" width=\"300\" height=\"194\" srcset=\"https:\/\/inregnummarianum.d250.hu\/inregnummarianum\/wp-content\/uploads\/2012\/03\/Bonie-von-der-Plassenburg-300x194.jpg 300w, https:\/\/inregnummarianum.d250.hu\/inregnummarianum\/wp-content\/uploads\/2012\/03\/Bonie-von-der-Plassenburg.jpg 960w\" sizes=\"(max-width: 300px) 100vw, 300px\" \/><\/span><\/p>\n<p>&nbsp;<\/p>\n<p>&nbsp;<\/p>\n<p>&nbsp;<\/p>\n<p>&nbsp;<\/p>\n<p>&nbsp;<\/p>\n<p>&nbsp;<\/p>\n<p>&nbsp;<\/p>\n<p>&nbsp;<\/p>\n<p><span style=\"font-size: large;\">TK-sz\u00e1m:\u00a0<\/span><br \/>\n<span style=\"font-size: large;\">Tetov\u00e1l\u00e1si sz\u00e1m:\u00a0<\/span><br \/>\n<span style=\"font-size: large;\">Sz\u00fclet\u00e9si d\u00e1tum:<\/span><br \/>\n<span style=\"font-size: large;\">HD: Normal<\/span><br \/>\n<span style=\"font-size: large;\">ED:\u00a0Normal<\/span><br \/>\n<span style=\"font-size: large;\">ZW:\u00a0<\/span><br \/>\n<span style=\"font-size: large;\">DNA:<\/span><br \/>\n<span style=\"font-size: large;\">K\u00e9pzetts\u00e9g.:\u00a0<\/span><br \/>\n<span style=\"font-size: large;\">Teny\u00e9sszemle:<\/span><br \/>\n<span style=\"font-size: large;\">Min\u0151s\u00edt\u00e9s:<\/span><\/p>\n<p><a href=\"http:\/\/inregnummarianum.d250.hu\/wp-content\/uploads\/2012\/03\/Bonie-von-der-Plassenburg1.jpg\" target=\"_blank\"><img loading=\"lazy\" class=\"alignleft size-large wp-image-1738\" title=\"Bonie von der Plassenburg\" src=\"http:\/\/inregnummarianum.d250.hu\/wp-content\/uploads\/2012\/03\/Bonie-von-der-Plassenburg1-864x1024.jpg\" alt=\"\" width=\"490\" height=\"580\" srcset=\"https:\/\/inregnummarianum.d250.hu\/inregnummarianum\/wp-content\/uploads\/2012\/03\/Bonie-von-der-Plassenburg1-864x1024.jpg 864w, https:\/\/inregnummarianum.d250.hu\/inregnummarianum\/wp-content\/uploads\/2012\/03\/Bonie-von-der-Plassenburg1-253x300.jpg 253w, https:\/\/inregnummarianum.d250.hu\/inregnummarianum\/wp-content\/uploads\/2012\/03\/Bonie-von-der-Plassenburg1.jpg 1016w\" sizes=\"(max-width: 490px) 100vw, 490px\" \/><\/a><br \/>\n<img loading=\"lazy\" class=\"size-medium wp-image-1741 aligncenter\" title=\"Bonie von der Plassenburg1\" src=\"http:\/\/inregnummarianum.d250.hu\/wp-content\/uploads\/2012\/03\/Bonie-von-der-Plassenburg1-300x180.png\" alt=\"\" width=\"300\" height=\"180\" srcset=\"https:\/\/inregnummarianum.d250.hu\/inregnummarianum\/wp-content\/uploads\/2012\/03\/Bonie-von-der-Plassenburg1-300x180.png 300w, https:\/\/inregnummarianum.d250.hu\/inregnummarianum\/wp-content\/uploads\/2012\/03\/Bonie-von-der-Plassenburg1.png 536w\" sizes=\"(max-width: 300px) 100vw, 300px\" \/> <img loading=\"lazy\" class=\"size-medium wp-image-1742 aligncenter\" title=\"Bonie von der Plassenburg2\" src=\"http:\/\/inregnummarianum.d250.hu\/wp-content\/uploads\/2012\/03\/Bonie-von-der-Plassenburg2-300x178.jpg\" alt=\"\" width=\"300\" height=\"178\" srcset=\"https:\/\/inregnummarianum.d250.hu\/inregnummarianum\/wp-content\/uploads\/2012\/03\/Bonie-von-der-Plassenburg2-300x178.jpg 300w, https:\/\/inregnummarianum.d250.hu\/inregnummarianum\/wp-content\/uploads\/2012\/03\/Bonie-von-der-Plassenburg2.jpg 538w\" sizes=\"(max-width: 300px) 100vw, 300px\" \/><\/p>\n","protected":false},"excerpt":{"rendered":"<p>&nbsp; &nbsp; &nbsp; &nbsp; &nbsp; &nbsp; &nbsp; &nbsp; TK-sz\u00e1m:\u00a0 Tetov\u00e1l\u00e1si sz\u00e1m:\u00a0 Sz\u00fclet\u00e9si d\u00e1tum: HD: Normal ED:\u00a0Normal ZW:\u00a0 DNA: K\u00e9pzetts\u00e9g.:\u00a0 Teny\u00e9sszemle: Min\u0151s\u00edt\u00e9s:<\/p>\n","protected":false},"author":1,"featured_media":1731,"parent":17,"menu_order":0,"comment_status":"closed","ping_status":"closed","template":"","meta":[],"_links":{"self":[{"href":"https:\/\/inregnummarianum.d250.hu\/inregnummarianum\/wp-json\/wp\/v2\/pages\/1710"}],"collection":[{"href":"https:\/\/inregnummarianum.d250.hu\/inregnummarianum\/wp-json\/wp\/v2\/pages"}],"about":[{"href":"https:\/\/inregnummarianum.d250.hu\/inregnummarianum\/wp-json\/wp\/v2\/types\/page"}],"author":[{"embeddable":true,"href":"https:\/\/inregnummarianum.d250.hu\/inregnummarianum\/wp-json\/wp\/v2\/users\/1"}],"replies":[{"embeddable":true,"href":"https:\/\/inregnummarianum.d250.hu\/inregnummarianum\/wp-json\/wp\/v2\/comments?post=1710"}],"version-history":[{"count":11,"href":"https:\/\/inregnummarianum.d250.hu\/inregnummarianum\/wp-json\/wp\/v2\/pages\/1710\/revisions"}],"predecessor-version":[{"id":1744,"href":"https:\/\/inregnummarianum.d250.hu\/inregnummarianum\/wp-json\/wp\/v2\/pages\/1710\/revisions\/1744"}],"up":[{"embeddable":true,"href":"https:\/\/inregnummarianum.d250.hu\/inregnummarianum\/wp-json\/wp\/v2\/pages\/17"}],"wp:featuredmedia":[{"embeddable":true,"href":"https:\/\/inregnummarianum.d250.hu\/inregnummarianum\/wp-json\/wp\/v2\/media\/1731"}],"wp:attachment":[{"href":"https:\/\/inregnummarianum.d250.hu\/inregnummarianum\/wp-json\/wp\/v2\/media?parent=1710"}],"curies":[{"name":"wp","href":"https:\/\/api.w.org\/{rel}","templated":true}]}}