{"id":164,"date":"2012-02-05T17:05:50","date_gmt":"2012-02-05T17:05:50","guid":{"rendered":"http:\/\/inregnummarianum.d250.hu\/inregnummarianum\/?page_id=164"},"modified":"2014-01-31T16:04:10","modified_gmt":"2014-01-31T15:04:10","slug":"irano-vom-fichtenschlag","status":"publish","type":"page","link":"https:\/\/inregnummarianum.d250.hu\/inregnummarianum\/archive\/kanok\/irano-vom-fichtenschlag\/","title":{"rendered":"Irano vom Fichtenschlag"},"content":{"rendered":"<table width=\"650\">\n<tbody>\n<tr>\n<td style=\"text-align: center;\"><strong style=\"text-align: left;\"><img loading=\"lazy\" class=\"aligncenter  wp-image-2185\" title=\"SG56 (BSZS 2010) Irano vom Fichtenschlag.09.12.\" alt=\"\" src=\"http:\/\/inregnummarianum.d250.hu\/wp-content\/uploads\/2012\/07\/SG56-BSZS-2010-Irano-vom-Fichtenschlag.09.12..jpg\" width=\"495\" height=\"356\" srcset=\"https:\/\/inregnummarianum.d250.hu\/inregnummarianum\/wp-content\/uploads\/2012\/07\/SG56-BSZS-2010-Irano-vom-Fichtenschlag.09.12..jpg 550w, https:\/\/inregnummarianum.d250.hu\/inregnummarianum\/wp-content\/uploads\/2012\/07\/SG56-BSZS-2010-Irano-vom-Fichtenschlag.09.12.-300x215.jpg 300w\" sizes=\"(max-width: 495px) 100vw, 495px\" \/><\/strong><\/td>\n<td style=\"text-align: left;\">TK-sz\u00e1m: 2241911<br \/>\nChip-Nr:<br \/>\nSz\u00fclet\u00e9si d\u00e1tum: 2009.09.03.<br \/>\nHD: Normal<br \/>\nED: Normal<br \/>\nZW: 78<br \/>\nDNA: Gpr<br \/>\nK\u00e9pzetts\u00e9g.: SchH3<br \/>\nTeny\u00e9sszemle: K\u00f6rkl. 1.<br \/>\nMin\u0151s\u00edt\u00e9s: V<\/td>\n<\/tr>\n<\/tbody>\n<\/table>\n<table width=\"650\">\n<tbody>\n<tr>\n<td style=\"text-align: center;\"><a href=\"http:\/\/inregnummarianum.d250.hu\/wp-content\/uploads\/2012\/02\/tk25.jpg\" target=\"_blank\"><img loading=\"lazy\" class=\"size-large wp-image-1185 aligncenter\" title=\"tk2\" alt=\"\" src=\"http:\/\/inregnummarianum.d250.hu\/wp-content\/uploads\/2012\/02\/tk25-864x1024.jpg\" width=\"510\" height=\"604\" srcset=\"https:\/\/inregnummarianum.d250.hu\/inregnummarianum\/wp-content\/uploads\/2012\/02\/tk25-864x1024.jpg 864w, https:\/\/inregnummarianum.d250.hu\/inregnummarianum\/wp-content\/uploads\/2012\/02\/tk25-253x300.jpg 253w, https:\/\/inregnummarianum.d250.hu\/inregnummarianum\/wp-content\/uploads\/2012\/02\/tk25.jpg 1016w\" sizes=\"(max-width: 510px) 100vw, 510px\" \/><\/a>\u00a0 <!-- [ram108] Facebook error response: An access token is required to request this resource.. URL: https:\/\/www.facebook.com\/media\/set\/?set=a.180658708712054.36643.180642602046998&amp;type=3upload50 --><\/p>\n<p><!-- [ram108] Facebook error response: An access token is required to request this resource.. URL: https:\/\/www.facebook.com\/media\/set\/?set=a.332015606909696.77960.180642602046998&amp;type=3uploade20 --><\/td>\n<\/tr>\n<\/tbody>\n<\/table>\n","protected":false},"excerpt":{"rendered":"<p>TK-sz\u00e1m: 2241911 Chip-Nr: Sz\u00fclet\u00e9si d\u00e1tum: 2009.09.03. HD: Normal ED: Normal ZW: 78 DNA: Gpr K\u00e9pzetts\u00e9g.: SchH3 Teny\u00e9sszemle: K\u00f6rkl. 1. Min\u0151s\u00edt\u00e9s: V \u00a0<\/p>\n","protected":false},"author":1,"featured_media":2187,"parent":21,"menu_order":0,"comment_status":"closed","ping_status":"closed","template":"","meta":[],"_links":{"self":[{"href":"https:\/\/inregnummarianum.d250.hu\/inregnummarianum\/wp-json\/wp\/v2\/pages\/164"}],"collection":[{"href":"https:\/\/inregnummarianum.d250.hu\/inregnummarianum\/wp-json\/wp\/v2\/pages"}],"about":[{"href":"https:\/\/inregnummarianum.d250.hu\/inregnummarianum\/wp-json\/wp\/v2\/types\/page"}],"author":[{"embeddable":true,"href":"https:\/\/inregnummarianum.d250.hu\/inregnummarianum\/wp-json\/wp\/v2\/users\/1"}],"replies":[{"embeddable":true,"href":"https:\/\/inregnummarianum.d250.hu\/inregnummarianum\/wp-json\/wp\/v2\/comments?post=164"}],"version-history":[{"count":113,"href":"https:\/\/inregnummarianum.d250.hu\/inregnummarianum\/wp-json\/wp\/v2\/pages\/164\/revisions"}],"predecessor-version":[{"id":2250,"href":"https:\/\/inregnummarianum.d250.hu\/inregnummarianum\/wp-json\/wp\/v2\/pages\/164\/revisions\/2250"}],"up":[{"embeddable":true,"href":"https:\/\/inregnummarianum.d250.hu\/inregnummarianum\/wp-json\/wp\/v2\/pages\/21"}],"wp:featuredmedia":[{"embeddable":true,"href":"https:\/\/inregnummarianum.d250.hu\/inregnummarianum\/wp-json\/wp\/v2\/media\/2187"}],"wp:attachment":[{"href":"https:\/\/inregnummarianum.d250.hu\/inregnummarianum\/wp-json\/wp\/v2\/media?parent=164"}],"curies":[{"name":"wp","href":"https:\/\/api.w.org\/{rel}","templated":true}]}}