{"id":1261,"date":"2012-02-11T21:45:43","date_gmt":"2012-02-11T21:45:43","guid":{"rendered":"http:\/\/inregnummarianum.d250.hu\/inregnummarianum\/?page_id=1261"},"modified":"2012-03-11T18:10:46","modified_gmt":"2012-03-11T18:10:46","slug":"wendy-in-regnum-marianum-2","status":"publish","type":"page","link":"https:\/\/inregnummarianum.d250.hu\/inregnummarianum\/szukak\/wendy-in-regnum-marianum-2\/","title":{"rendered":"Wendy in Regnum Marianum"},"content":{"rendered":"<p><img loading=\"lazy\" class=\"size-medium wp-image-1662 alignleft\" title=\"Wendi in Regnum Marianum\" src=\"http:\/\/inregnummarianum.d250.hu\/wp-content\/uploads\/2012\/02\/Wendi-in-Regnum-Marianum-300x232.jpg\" alt=\"\" width=\"300\" height=\"232\" srcset=\"https:\/\/inregnummarianum.d250.hu\/inregnummarianum\/wp-content\/uploads\/2012\/02\/Wendi-in-Regnum-Marianum-300x232.jpg 300w, https:\/\/inregnummarianum.d250.hu\/inregnummarianum\/wp-content\/uploads\/2012\/02\/Wendi-in-Regnum-Marianum-1024x794.jpg 1024w\" sizes=\"(max-width: 300px) 100vw, 300px\" \/><\/p>\n<p>&nbsp;<\/p>\n<p>&nbsp;<\/p>\n<p>&nbsp;<\/p>\n<p>&nbsp;<\/p>\n<p>&nbsp;<\/p>\n<p>&nbsp;<\/p>\n<p>&nbsp;<\/p>\n<p>&nbsp;<\/p>\n<p>&nbsp;<\/p>\n<p>&nbsp;<\/p>\n<p><span style=\"font-size: large;\">TK-sz\u00e1m: 6302955<\/span><br \/>\n<span style=\"font-size: large;\">Chip Nr.: 348089100216013<\/span><br \/>\n<span style=\"font-size: large;\">Sz\u00fclet\u00e9si d\u00e1tum: 2010.07.09.<\/span><br \/>\n<span style=\"font-size: large;\">HD: Normal<\/span><br \/>\n<span style=\"font-size: large;\">ED:\u00a0Normal<\/span><br \/>\n<span style=\"font-size: large;\">DNA:\u00a0Gpr<\/span><br \/>\n<span style=\"font-size: large;\">K\u00e9pzetts\u00e9g.:<\/span><br \/>\n<span style=\"font-size: large;\">Teny\u00e9sszemle:<\/span><br \/>\n<span style=\"font-size: large;\">Min\u0151s\u00edt\u00e9s: SG<\/span><\/p>\n<p style=\"text-align: center;\"><a href=\"http:\/\/inregnummarianum.d250.hu\/wp-content\/uploads\/2012\/02\/Wendi-In-Regnum-Marianum.jpg\" target=\"_blank\"><img loading=\"lazy\" class=\"wp-image-1616\" title=\"Wendi In Regnum Marianum\" src=\"http:\/\/inregnummarianum.d250.hu\/wp-content\/uploads\/2012\/02\/Wendi-In-Regnum-Marianum.jpg\" alt=\"\" width=\"510\" height=\"604\" srcset=\"https:\/\/inregnummarianum.d250.hu\/inregnummarianum\/wp-content\/uploads\/2012\/02\/Wendi-In-Regnum-Marianum.jpg 1016w, https:\/\/inregnummarianum.d250.hu\/inregnummarianum\/wp-content\/uploads\/2012\/02\/Wendi-In-Regnum-Marianum-253x300.jpg 253w, https:\/\/inregnummarianum.d250.hu\/inregnummarianum\/wp-content\/uploads\/2012\/02\/Wendi-In-Regnum-Marianum-864x1024.jpg 864w\" sizes=\"(max-width: 510px) 100vw, 510px\" \/><\/a><\/p>\n","protected":false},"excerpt":{"rendered":"<p>&nbsp; &nbsp; &nbsp; &nbsp; &nbsp; &nbsp; &nbsp; &nbsp; &nbsp; &nbsp; TK-sz\u00e1m: 6302955 Chip Nr.: 348089100216013 Sz\u00fclet\u00e9si d\u00e1tum: 2010.07.09. HD: Normal ED:\u00a0Normal DNA:\u00a0Gpr K\u00e9pzetts\u00e9g.: Teny\u00e9sszemle: Min\u0151s\u00edt\u00e9s: SG<\/p>\n","protected":false},"author":1,"featured_media":1650,"parent":17,"menu_order":8,"comment_status":"closed","ping_status":"closed","template":"","meta":[],"_links":{"self":[{"href":"https:\/\/inregnummarianum.d250.hu\/inregnummarianum\/wp-json\/wp\/v2\/pages\/1261"}],"collection":[{"href":"https:\/\/inregnummarianum.d250.hu\/inregnummarianum\/wp-json\/wp\/v2\/pages"}],"about":[{"href":"https:\/\/inregnummarianum.d250.hu\/inregnummarianum\/wp-json\/wp\/v2\/types\/page"}],"author":[{"embeddable":true,"href":"https:\/\/inregnummarianum.d250.hu\/inregnummarianum\/wp-json\/wp\/v2\/users\/1"}],"replies":[{"embeddable":true,"href":"https:\/\/inregnummarianum.d250.hu\/inregnummarianum\/wp-json\/wp\/v2\/comments?post=1261"}],"version-history":[{"count":44,"href":"https:\/\/inregnummarianum.d250.hu\/inregnummarianum\/wp-json\/wp\/v2\/pages\/1261\/revisions"}],"predecessor-version":[{"id":1720,"href":"https:\/\/inregnummarianum.d250.hu\/inregnummarianum\/wp-json\/wp\/v2\/pages\/1261\/revisions\/1720"}],"up":[{"embeddable":true,"href":"https:\/\/inregnummarianum.d250.hu\/inregnummarianum\/wp-json\/wp\/v2\/pages\/17"}],"wp:featuredmedia":[{"embeddable":true,"href":"https:\/\/inregnummarianum.d250.hu\/inregnummarianum\/wp-json\/wp\/v2\/media\/1650"}],"wp:attachment":[{"href":"https:\/\/inregnummarianum.d250.hu\/inregnummarianum\/wp-json\/wp\/v2\/media?parent=1261"}],"curies":[{"name":"wp","href":"https:\/\/api.w.org\/{rel}","templated":true}]}}