{"id":1232,"date":"2012-02-11T20:00:56","date_gmt":"2012-02-11T20:00:56","guid":{"rendered":"http:\/\/inregnummarianum.d250.hu\/inregnummarianum\/?page_id=1232"},"modified":"2012-03-17T19:16:21","modified_gmt":"2012-03-17T19:16:21","slug":"xaro-in-regnum-marianum","status":"publish","type":"page","link":"https:\/\/inregnummarianum.d250.hu\/inregnummarianum\/kanok\/xaro-in-regnum-marianum\/","title":{"rendered":"Xaro in Regnum Marianum"},"content":{"rendered":"<p><img loading=\"lazy\" class=\"alignleft size-medium wp-image-1234\" title=\"Xaro in Regnum Marianum\" src=\"http:\/\/inregnummarianum.d250.hu\/wp-content\/uploads\/2012\/02\/Xaro-in-Regnum-Marianum-300x229.jpg\" alt=\"\" width=\"300\" height=\"229\" srcset=\"https:\/\/inregnummarianum.d250.hu\/inregnummarianum\/wp-content\/uploads\/2012\/02\/Xaro-in-Regnum-Marianum-300x229.jpg 300w, https:\/\/inregnummarianum.d250.hu\/inregnummarianum\/wp-content\/uploads\/2012\/02\/Xaro-in-Regnum-Marianum.jpg 600w\" sizes=\"(max-width: 300px) 100vw, 300px\" \/><\/p>\n<p>&nbsp;<\/p>\n<p>&nbsp;<\/p>\n<p>&nbsp;<\/p>\n<p>&nbsp;<\/p>\n<p>&nbsp;<\/p>\n<p>&nbsp;<\/p>\n<p>&nbsp;<\/p>\n<p>&nbsp;<\/p>\n<p>&nbsp;<\/p>\n<p>&nbsp;<\/p>\n<p><span style=\"font-size: large;\">TK-sz\u00e1m: 6303301<\/span><br \/>\n<span style=\"font-size: large;\">Chip-Nr.: 972274000047852 <\/span><br \/>\n<span style=\"font-size: large;\">Sz\u00fclet\u00e9si d\u00e1tum: 2011.02.12.<\/span><br \/>\n<span style=\"font-size: large;\">HD:<\/span><br \/>\n<span style=\"font-size: large;\">ED:<\/span><br \/>\n<span style=\"font-size: large;\">DNA: <\/span><br \/>\n<span style=\"font-size: large;\">K\u00e9pzetts\u00e9g.:<\/span><br \/>\n<span style=\"font-size: large;\">Teny\u00e9sszemle: <\/span><br \/>\n<span style=\"font-size: large;\">Min\u0151s\u00edt\u00e9s:<\/span><\/p>\n<p><span style=\"font-size: large;\"><br \/>\n<\/span><\/p>\n<p><a href=\"http:\/\/inregnummarianum.d250.hu\/wp-content\/uploads\/2012\/02\/Xaro-in-Regnum-Marianum1.jpg\" target=\"_blank\"><img loading=\"lazy\" class=\"aligncenter size-full wp-image-1497\" title=\"Xaro in Regnum Marianum\" src=\"http:\/\/inregnummarianum.d250.hu\/wp-content\/uploads\/2012\/02\/Xaro-in-Regnum-Marianum1.jpg\" alt=\"\" width=\"1016\" height=\"1204\" srcset=\"https:\/\/inregnummarianum.d250.hu\/inregnummarianum\/wp-content\/uploads\/2012\/02\/Xaro-in-Regnum-Marianum1.jpg 1016w, https:\/\/inregnummarianum.d250.hu\/inregnummarianum\/wp-content\/uploads\/2012\/02\/Xaro-in-Regnum-Marianum1-253x300.jpg 253w, https:\/\/inregnummarianum.d250.hu\/inregnummarianum\/wp-content\/uploads\/2012\/02\/Xaro-in-Regnum-Marianum1-864x1024.jpg 864w\" sizes=\"(max-width: 1016px) 100vw, 1016px\" \/><\/a><br \/>\n<img loading=\"lazy\" src=\"http:\/\/inregnummarianum.d250.hu\/wp-content\/uploads\/2012\/02\/Xaro-in-Regnum-Marianum2-300x218.jpg\" alt=\"\" title=\"Xaro in Regnum Marianum2\" width=\"300\" height=\"218\" class=\"alignleft size-medium wp-image-1773\" srcset=\"https:\/\/inregnummarianum.d250.hu\/inregnummarianum\/wp-content\/uploads\/2012\/02\/Xaro-in-Regnum-Marianum2-300x218.jpg 300w, https:\/\/inregnummarianum.d250.hu\/inregnummarianum\/wp-content\/uploads\/2012\/02\/Xaro-in-Regnum-Marianum2-1024x746.jpg 1024w\" sizes=\"(max-width: 300px) 100vw, 300px\" \/><\/p>\n","protected":false},"excerpt":{"rendered":"<p>&nbsp; &nbsp; &nbsp; &nbsp; &nbsp; &nbsp; &nbsp; &nbsp; &nbsp; &nbsp; TK-sz\u00e1m: 6303301 Chip-Nr.: 972274000047852 Sz\u00fclet\u00e9si d\u00e1tum: 2011.02.12. HD: ED: DNA: K\u00e9pzetts\u00e9g.: Teny\u00e9sszemle: Min\u0151s\u00edt\u00e9s:<\/p>\n","protected":false},"author":1,"featured_media":1233,"parent":15,"menu_order":2,"comment_status":"closed","ping_status":"closed","template":"","meta":[],"_links":{"self":[{"href":"https:\/\/inregnummarianum.d250.hu\/inregnummarianum\/wp-json\/wp\/v2\/pages\/1232"}],"collection":[{"href":"https:\/\/inregnummarianum.d250.hu\/inregnummarianum\/wp-json\/wp\/v2\/pages"}],"about":[{"href":"https:\/\/inregnummarianum.d250.hu\/inregnummarianum\/wp-json\/wp\/v2\/types\/page"}],"author":[{"embeddable":true,"href":"https:\/\/inregnummarianum.d250.hu\/inregnummarianum\/wp-json\/wp\/v2\/users\/1"}],"replies":[{"embeddable":true,"href":"https:\/\/inregnummarianum.d250.hu\/inregnummarianum\/wp-json\/wp\/v2\/comments?post=1232"}],"version-history":[{"count":7,"href":"https:\/\/inregnummarianum.d250.hu\/inregnummarianum\/wp-json\/wp\/v2\/pages\/1232\/revisions"}],"predecessor-version":[{"id":1774,"href":"https:\/\/inregnummarianum.d250.hu\/inregnummarianum\/wp-json\/wp\/v2\/pages\/1232\/revisions\/1774"}],"up":[{"embeddable":true,"href":"https:\/\/inregnummarianum.d250.hu\/inregnummarianum\/wp-json\/wp\/v2\/pages\/15"}],"wp:featuredmedia":[{"embeddable":true,"href":"https:\/\/inregnummarianum.d250.hu\/inregnummarianum\/wp-json\/wp\/v2\/media\/1233"}],"wp:attachment":[{"href":"https:\/\/inregnummarianum.d250.hu\/inregnummarianum\/wp-json\/wp\/v2\/media?parent=1232"}],"curies":[{"name":"wp","href":"https:\/\/api.w.org\/{rel}","templated":true}]}}